{"id":21,"date":"2019-03-18T00:12:35","date_gmt":"2019-03-17T23:12:35","guid":{"rendered":"http:\/\/chicriviera.com\/?page_id=21"},"modified":"2024-04-09T12:55:58","modified_gmt":"2024-04-09T10:55:58","slug":"accueil","status":"publish","type":"page","link":"https:\/\/chicriviera.com\/ru\/","title":{"rendered":"\u0413\u043b\u0430\u0432\u043d\u0430\u044f"},"content":{"rendered":"","protected":false},"excerpt":{"rendered":"","protected":false},"author":1,"featured_media":64,"parent":0,"menu_order":0,"comment_status":"closed","ping_status":"closed","template":"page_blog.php","meta":{"_genesis_hide_title":false,"_genesis_hide_breadcrumbs":false,"_genesis_hide_singular_image":false,"_genesis_hide_footer_widgets":false,"_genesis_custom_body_class":"","_genesis_custom_post_class":"","_genesis_layout":"","footnotes":""},"class_list":{"0":"post-21","1":"page","2":"type-page","3":"status-publish","4":"has-post-thumbnail","6":"entry"},"yoast_head":"<!-- This site is optimized with the Yoast SEO plugin v27.1.1 - https:\/\/yoast.com\/product\/yoast-seo-wordpress\/ -->\n<title>Chic Riviera : Le meilleur de la C\u00f4te d&#039;Azur<\/title>\n<meta name=\"description\" content=\"Les meilleurs Restaurants, Caf\u00e9s, Plages, Boites de nuits, Boutiques, magasins et services de la C\u00f4te d&#039;Azur\" \/>\n<meta name=\"robots\" content=\"index, follow, max-snippet:-1, max-image-preview:large, max-video-preview:-1\" \/>\n<link rel=\"canonical\" href=\"https:\/\/chicriviera.com\/ru\/\" \/>\n<meta property=\"og:locale\" content=\"ru_RU\" \/>\n<meta property=\"og:type\" content=\"article\" \/>\n<meta property=\"og:title\" content=\"Chic Riviera : Le meilleur de la C\u00f4te d&#039;Azur\" \/>\n<meta property=\"og:description\" content=\"Les meilleurs Restaurants, Caf\u00e9s, Plages, Boites de nuits, Boutiques, magasins et services de la C\u00f4te d&#039;Azur\" \/>\n<meta property=\"og:url\" content=\"https:\/\/chicriviera.com\/ru\/\" \/>\n<meta property=\"og:site_name\" content=\"Chic Riviera\" \/>\n<meta property=\"article:publisher\" content=\"https:\/\/www.facebook.com\/ChicRivieracom\/\" \/>\n<meta property=\"article:modified_time\" content=\"2024-04-09T10:55:58+00:00\" \/>\n<meta property=\"og:image\" content=\"https:\/\/chicriviera.com\/wp-content\/uploads\/2019\/03\/alexxbg.png\" \/>\n\t<meta property=\"og:image:width\" content=\"1600\" \/>\n\t<meta property=\"og:image:height\" content=\"800\" \/>\n\t<meta property=\"og:image:type\" content=\"image\/png\" \/>\n<meta name=\"twitter:card\" content=\"summary_large_image\" \/>\n<meta name=\"twitter:site\" content=\"@Chic_Riviera\" \/>\n<meta name=\"twitter:label1\" content=\"\u041f\u0440\u0438\u043c\u0435\u0440\u043d\u043e\u0435 \u0432\u0440\u0435\u043c\u044f \u0434\u043b\u044f \u0447\u0442\u0435\u043d\u0438\u044f\" \/>\n\t<meta name=\"twitter:data1\" content=\"1 \u043c\u0438\u043d\u0443\u0442\u0430\" \/>\n<script type=\"application\/ld+json\" class=\"yoast-schema-graph\">{\"@context\":\"https:\/\/schema.org\",\"@graph\":[{\"@type\":\"WebPage\",\"@id\":\"https:\/\/chicriviera.com\/\",\"url\":\"https:\/\/chicriviera.com\/\",\"name\":\"Chic Riviera : Le meilleur de la C\u00f4te d'Azur\",\"isPartOf\":{\"@id\":\"https:\/\/chicriviera.com\/es\/#website\"},\"primaryImageOfPage\":{\"@id\":\"https:\/\/chicriviera.com\/#primaryimage\"},\"image\":{\"@id\":\"https:\/\/chicriviera.com\/#primaryimage\"},\"thumbnailUrl\":\"https:\/\/chicriviera.com\/wp-content\/uploads\/2019\/03\/alexxbg.png\",\"datePublished\":\"2019-03-17T23:12:35+00:00\",\"dateModified\":\"2024-04-09T10:55:58+00:00\",\"description\":\"Les meilleurs Restaurants, Caf\u00e9s, Plages, Boites de nuits, Boutiques, magasins et services de la C\u00f4te d'Azur\",\"breadcrumb\":{\"@id\":\"https:\/\/chicriviera.com\/#breadcrumb\"},\"inLanguage\":\"ru-RU\",\"potentialAction\":[{\"@type\":\"ReadAction\",\"target\":[\"https:\/\/chicriviera.com\/\"]}]},{\"@type\":\"ImageObject\",\"inLanguage\":\"ru-RU\",\"@id\":\"https:\/\/chicriviera.com\/#primaryimage\",\"url\":\"https:\/\/chicriviera.com\/wp-content\/uploads\/2019\/03\/alexxbg.png\",\"contentUrl\":\"https:\/\/chicriviera.com\/wp-content\/uploads\/2019\/03\/alexxbg.png\",\"width\":1600,\"height\":800},{\"@type\":\"BreadcrumbList\",\"@id\":\"https:\/\/chicriviera.com\/#breadcrumb\",\"itemListElement\":[{\"@type\":\"ListItem\",\"position\":1,\"name\":\"Accueil\",\"item\":\"https:\/\/chicriviera.com\/\"},{\"@type\":\"ListItem\",\"position\":2,\"name\":\"Accueil\"}]},{\"@type\":\"WebSite\",\"@id\":\"https:\/\/chicriviera.com\/es\/#website\",\"url\":\"https:\/\/chicriviera.com\/es\/\",\"name\":\"Chic Riviera\",\"description\":\"Le meilleur de la C\u00f4te d&#039;Azur : Restaurants, Plages, Sorties\",\"publisher\":{\"@id\":\"https:\/\/chicriviera.com\/es\/#organization\"},\"potentialAction\":[{\"@type\":\"SearchAction\",\"target\":{\"@type\":\"EntryPoint\",\"urlTemplate\":\"https:\/\/chicriviera.com\/es\/?s={search_term_string}\"},\"query-input\":{\"@type\":\"PropertyValueSpecification\",\"valueRequired\":true,\"valueName\":\"search_term_string\"}}],\"inLanguage\":\"ru-RU\"},{\"@type\":\"Organization\",\"@id\":\"https:\/\/chicriviera.com\/es\/#organization\",\"name\":\"Chic Riviera\",\"url\":\"https:\/\/chicriviera.com\/es\/\",\"logo\":{\"@type\":\"ImageObject\",\"inLanguage\":\"ru-RU\",\"@id\":\"https:\/\/chicriviera.com\/es\/#\/schema\/logo\/image\/\",\"url\":\"https:\/\/chicriviera.com\/wp-content\/uploads\/2019\/03\/cropped-crfavicon.png\",\"contentUrl\":\"https:\/\/chicriviera.com\/wp-content\/uploads\/2019\/03\/cropped-crfavicon.png\",\"width\":512,\"height\":512,\"caption\":\"Chic Riviera\"},\"image\":{\"@id\":\"https:\/\/chicriviera.com\/es\/#\/schema\/logo\/image\/\"},\"sameAs\":[\"https:\/\/www.facebook.com\/ChicRivieracom\/\",\"https:\/\/x.com\/Chic_Riviera\",\"https:\/\/www.instagram.com\/chicriviera\/\"]}]}<\/script>\n<!-- \/ Yoast SEO plugin. -->","yoast_head_json":{"title":"\u0428\u0438\u043a\u0430\u0440\u043d\u0430\u044f \u0420\u0438\u0432\u044c\u0435\u0440\u0430 : \u041b\u0443\u0447\u0448\u0435\u0435 \u043d\u0430 \u041b\u0430\u0437\u0443\u0440\u043d\u043e\u043c \u0431\u0435\u0440\u0435\u0433\u0443","description":"\u041b\u0443\u0447\u0448\u0438\u0435 \u0440\u0435\u0441\u0442\u043e\u0440\u0430\u043d\u044b, \u043a\u0430\u0444\u0435, \u043f\u043b\u044f\u0436\u0438, \u043d\u043e\u0447\u043d\u044b\u0435 \u043a\u043b\u0443\u0431\u044b, \u0431\u0443\u0442\u0438\u043a\u0438, \u043c\u0430\u0433\u0430\u0437\u0438\u043d\u044b \u0438 \u0443\u0441\u043b\u0443\u0433\u0438 \u043d\u0430 \u041b\u0430\u0437\u0443\u0440\u043d\u043e\u043c \u0431\u0435\u0440\u0435\u0433\u0443","robots":{"index":"index","follow":"follow","max-snippet":"max-snippet:-1","max-image-preview":"max-image-preview:large","max-video-preview":"max-video-preview:-1"},"canonical":"https:\/\/chicriviera.com\/ru\/","og_locale":"ru_RU","og_type":"article","og_title":"Chic Riviera : Le meilleur de la C\u00f4te d'Azur","og_description":"Les meilleurs Restaurants, Caf\u00e9s, Plages, Boites de nuits, Boutiques, magasins et services de la C\u00f4te d'Azur","og_url":"https:\/\/chicriviera.com\/ru\/","og_site_name":"Chic Riviera","article_publisher":"https:\/\/www.facebook.com\/ChicRivieracom\/","article_modified_time":"2024-04-09T10:55:58+00:00","og_image":[{"width":1600,"height":800,"url":"https:\/\/chicriviera.com\/wp-content\/uploads\/2019\/03\/alexxbg.png","type":"image\/png"}],"twitter_card":"summary_large_image","twitter_site":"@Chic_Riviera","twitter_misc":{"\u041f\u0440\u0438\u043c\u0435\u0440\u043d\u043e\u0435 \u0432\u0440\u0435\u043c\u044f \u0434\u043b\u044f \u0447\u0442\u0435\u043d\u0438\u044f":"1 \u043c\u0438\u043d\u0443\u0442\u0430"},"schema":{"@context":"https:\/\/schema.org","@graph":[{"@type":"WebPage","@id":"https:\/\/chicriviera.com\/","url":"https:\/\/chicriviera.com\/","name":"\u0428\u0438\u043a\u0430\u0440\u043d\u0430\u044f \u0420\u0438\u0432\u044c\u0435\u0440\u0430 : \u041b\u0443\u0447\u0448\u0435\u0435 \u043d\u0430 \u041b\u0430\u0437\u0443\u0440\u043d\u043e\u043c \u0431\u0435\u0440\u0435\u0433\u0443","isPartOf":{"@id":"https:\/\/chicriviera.com\/es\/#website"},"primaryImageOfPage":{"@id":"https:\/\/chicriviera.com\/#primaryimage"},"image":{"@id":"https:\/\/chicriviera.com\/#primaryimage"},"thumbnailUrl":"https:\/\/chicriviera.com\/wp-content\/uploads\/2019\/03\/alexxbg.png","datePublished":"2019-03-17T23:12:35+00:00","dateModified":"2024-04-09T10:55:58+00:00","description":"\u041b\u0443\u0447\u0448\u0438\u0435 \u0440\u0435\u0441\u0442\u043e\u0440\u0430\u043d\u044b, \u043a\u0430\u0444\u0435, \u043f\u043b\u044f\u0436\u0438, \u043d\u043e\u0447\u043d\u044b\u0435 \u043a\u043b\u0443\u0431\u044b, \u0431\u0443\u0442\u0438\u043a\u0438, \u043c\u0430\u0433\u0430\u0437\u0438\u043d\u044b \u0438 \u0443\u0441\u043b\u0443\u0433\u0438 \u043d\u0430 \u041b\u0430\u0437\u0443\u0440\u043d\u043e\u043c \u0431\u0435\u0440\u0435\u0433\u0443","breadcrumb":{"@id":"https:\/\/chicriviera.com\/#breadcrumb"},"inLanguage":"ru-RU","potentialAction":[{"@type":"ReadAction","target":["https:\/\/chicriviera.com\/"]}]},{"@type":"ImageObject","inLanguage":"ru-RU","@id":"https:\/\/chicriviera.com\/#primaryimage","url":"https:\/\/chicriviera.com\/wp-content\/uploads\/2019\/03\/alexxbg.png","contentUrl":"https:\/\/chicriviera.com\/wp-content\/uploads\/2019\/03\/alexxbg.png","width":1600,"height":800},{"@type":"BreadcrumbList","@id":"https:\/\/chicriviera.com\/#breadcrumb","itemListElement":[{"@type":"ListItem","position":1,"name":"Accueil","item":"https:\/\/chicriviera.com\/"},{"@type":"ListItem","position":2,"name":"Accueil"}]},{"@type":"WebSite","@id":"https:\/\/chicriviera.com\/es\/#website","url":"https:\/\/chicriviera.com\/es\/","name":"\u0428\u0438\u043a\u0430\u0440\u043d\u0430\u044f \u0420\u0438\u0432\u044c\u0435\u0440\u0430","description":"\u041b\u0443\u0447\u0448\u0435\u0435 \u043d\u0430 \u0424\u0440\u0430\u043d\u0446\u0443\u0437\u0441\u043a\u043e\u0439 \u0420\u0438\u0432\u044c\u0435\u0440\u0435: \u0440\u0435\u0441\u0442\u043e\u0440\u0430\u043d\u044b, \u043f\u043b\u044f\u0436\u0438, \u043f\u0440\u043e\u0433\u0443\u043b\u043a\u0438","publisher":{"@id":"https:\/\/chicriviera.com\/es\/#organization"},"potentialAction":[{"@type":"SearchAction","target":{"@type":"EntryPoint","urlTemplate":"https:\/\/chicriviera.com\/es\/?s={search_term_string}"},"query-input":{"@type":"PropertyValueSpecification","valueRequired":true,"valueName":"search_term_string"}}],"inLanguage":"ru-RU"},{"@type":"Organization","@id":"https:\/\/chicriviera.com\/es\/#organization","name":"\u0428\u0438\u043a\u0430\u0440\u043d\u0430\u044f \u0420\u0438\u0432\u044c\u0435\u0440\u0430","url":"https:\/\/chicriviera.com\/es\/","logo":{"@type":"ImageObject","inLanguage":"ru-RU","@id":"https:\/\/chicriviera.com\/es\/#\/schema\/logo\/image\/","url":"https:\/\/chicriviera.com\/wp-content\/uploads\/2019\/03\/cropped-crfavicon.png","contentUrl":"https:\/\/chicriviera.com\/wp-content\/uploads\/2019\/03\/cropped-crfavicon.png","width":512,"height":512,"caption":"Chic Riviera"},"image":{"@id":"https:\/\/chicriviera.com\/es\/#\/schema\/logo\/image\/"},"sameAs":["https:\/\/www.facebook.com\/ChicRivieracom\/","https:\/\/x.com\/Chic_Riviera","https:\/\/www.instagram.com\/chicriviera\/"]}]}},"_links":{"self":[{"href":"https:\/\/chicriviera.com\/ru\/wp-json\/wp\/v2\/pages\/21","targetHints":{"allow":["GET"]}}],"collection":[{"href":"https:\/\/chicriviera.com\/ru\/wp-json\/wp\/v2\/pages"}],"about":[{"href":"https:\/\/chicriviera.com\/ru\/wp-json\/wp\/v2\/types\/page"}],"author":[{"embeddable":true,"href":"https:\/\/chicriviera.com\/ru\/wp-json\/wp\/v2\/users\/1"}],"replies":[{"embeddable":true,"href":"https:\/\/chicriviera.com\/ru\/wp-json\/wp\/v2\/comments?post=21"}],"version-history":[{"count":2,"href":"https:\/\/chicriviera.com\/ru\/wp-json\/wp\/v2\/pages\/21\/revisions"}],"predecessor-version":[{"id":9222,"href":"https:\/\/chicriviera.com\/ru\/wp-json\/wp\/v2\/pages\/21\/revisions\/9222"}],"wp:featuredmedia":[{"embeddable":true,"href":"https:\/\/chicriviera.com\/ru\/wp-json\/wp\/v2\/media\/64"}],"wp:attachment":[{"href":"https:\/\/chicriviera.com\/ru\/wp-json\/wp\/v2\/media?parent=21"}],"curies":[{"name":"wp","href":"https:\/\/api.w.org\/{rel}","templated":true}]}}