{"id":76,"date":"2019-03-18T13:37:44","date_gmt":"2019-03-18T12:37:44","guid":{"rendered":"http:\/\/chicriviera.com\/?page_id=76"},"modified":"2023-07-19T18:08:53","modified_gmt":"2023-07-19T16:08:53","slug":"presse","status":"publish","type":"page","link":"https:\/\/chicriviera.com\/de\/presse\/","title":{"rendered":"Presse und Werbetreibende"},"content":{"rendered":"<p>Sie sind eine Presseagentur, eine Marke, ein Anwendungsentwickler oder ein Webdienst und m\u00f6chten Ihr Produkt\/Ihre Dienstleistung auf unserer Website pr\u00e4sentieren? Es ist m\u00f6glich, hier ist eine kurze Pr\u00e4sentation.<\/p>\n\n\n\n<h2 class=\"wp-block-heading\">Einige Zahlen<\/h2>\n\n\n\n<ul class=\"wp-block-list\">\n<li>Blog erstellt im Jahr 2019 zum Thema Reisen, Luxus.<\/li>\n\n\n\n<li>Mehrere zehntausend treue Besucher pro Monat.<\/li>\n\n\n\n<li>Mehrere tausend Menschen folgen mir auf Twitter, Facebook und auch im RSS-Feed.<\/li>\n<\/ul>\n\n\n\n<h2 class=\"wp-block-heading\">Unsere Arbeitsmethode<\/h2>\n\n\n\n<p>Bevor ich einen Artikel schreibe, nehme ich mir immer die Zeit, das Produkt langfristig zu testen. Dann entscheide ich \u00fcber die verschiedenen zu behandelnden Punkte, wie Design, Funktionalit\u00e4t, Ergonomie, Vor- und Nachteile.<\/p>\n\n\n\n<p>Ich schreibe den Artikel dann von A bis Z, ohne zu kopieren und einzuf\u00fcgen, damit Sie hochwertige Inhalte \u00fcber das Produkt Ihrer Marke erhalten. Ich mache auch gerne alle Produktfotos selbst, um dem Leser einen echten Mehrwert gegen\u00fcber einem Artikel zu bieten, der von einer Pressemitteilung inspiriert ist.<\/p>\n\n\n\n<p>Schlie\u00dflich lege ich gro\u00dfen Wert auf die Referenzierung. Der Artikel wird so optimiert, dass er in den Suchmaschinen gefunden wird.<\/p>\n\n\n\n<h2 class=\"wp-block-heading\">Sie vertrauten mir<\/h2>\n\n\n\n<p>Ich habe bereits mit vielen Unternehmen f\u00fcr die Realisierung von Artikeln, Tests von Produkten oder Dienstleistungen gearbeitet.<\/p>\n\n\n\n<p>W\u00fcrden Sie gerne auf dieser Liste stehen? Kontaktieren Sie mich unter\u00a0<strong>contact@chicriviera.com<\/strong> und senden Sie mir Ihre Pressemitteilungen. Ich werde Ihr Produkt gerne testen und in meinem Blog dar\u00fcber schreiben!<\/p>","protected":false},"excerpt":{"rendered":"<p>Vous \u00eates une agence de relations presse, une marque, un d\u00e9veloppeur d\u2019application ou d\u2019un service sur le web et souhaitez pr\u00e9senter votre produit\/service sur notre site ? C\u2019est possible, voici une rapide pr\u00e9sentation. Quelques chiffres Notre m\u00e9thode de travail Avant d\u2019\u00e9crire un article, je prends toujours le temps de bien tester le produit sur le [&hellip;]<\/p>\n","protected":false},"author":1,"featured_media":78,"parent":0,"menu_order":0,"comment_status":"closed","ping_status":"closed","template":"","meta":{"_genesis_hide_title":false,"_genesis_hide_breadcrumbs":false,"_genesis_hide_singular_image":false,"_genesis_hide_footer_widgets":false,"_genesis_custom_body_class":"","_genesis_custom_post_class":"","_genesis_layout":"","footnotes":""},"class_list":{"0":"post-76","1":"page","2":"type-page","3":"status-publish","4":"has-post-thumbnail","6":"entry"},"yoast_head":"<!-- This site is optimized with the Yoast SEO plugin v27.1.1 - https:\/\/yoast.com\/product\/yoast-seo-wordpress\/ -->\n<title>Presse et annonceurs - Chic Riviera<\/title>\n<meta name=\"robots\" content=\"index, follow, max-snippet:-1, max-image-preview:large, max-video-preview:-1\" \/>\n<link rel=\"canonical\" href=\"https:\/\/chicriviera.com\/de\/presse\/\" \/>\n<meta property=\"og:locale\" content=\"de_DE\" \/>\n<meta property=\"og:type\" content=\"article\" \/>\n<meta property=\"og:title\" content=\"Presse et annonceurs - Chic Riviera\" \/>\n<meta property=\"og:description\" content=\"Vous \u00eates une agence de relations presse, une marque, un d\u00e9veloppeur d\u2019application ou d\u2019un service sur le web et souhaitez pr\u00e9senter votre produit\/service sur notre site ? C\u2019est possible, voici une rapide pr\u00e9sentation. Quelques chiffres Notre m\u00e9thode de travail Avant d\u2019\u00e9crire un article, je prends toujours le temps de bien tester le produit sur le [&hellip;]\" \/>\n<meta property=\"og:url\" content=\"https:\/\/chicriviera.com\/de\/presse\/\" \/>\n<meta property=\"og:site_name\" content=\"Chic Riviera\" \/>\n<meta property=\"article:publisher\" content=\"https:\/\/www.facebook.com\/ChicRivieracom\/\" \/>\n<meta property=\"article:modified_time\" content=\"2023-07-19T16:08:53+00:00\" \/>\n<meta property=\"og:image\" content=\"https:\/\/chicriviera.com\/wp-content\/uploads\/2019\/03\/footer_press.jpg\" \/>\n\t<meta property=\"og:image:width\" content=\"1045\" \/>\n\t<meta property=\"og:image:height\" content=\"515\" \/>\n\t<meta property=\"og:image:type\" content=\"image\/jpeg\" \/>\n<meta name=\"twitter:card\" content=\"summary_large_image\" \/>\n<meta name=\"twitter:site\" content=\"@Chic_Riviera\" \/>\n<meta name=\"twitter:label1\" content=\"Gesch\u00e4tzte Lesezeit\" \/>\n\t<meta name=\"twitter:data1\" content=\"1\u00a0Minute\" \/>\n<script type=\"application\/ld+json\" class=\"yoast-schema-graph\">{\"@context\":\"https:\/\/schema.org\",\"@graph\":[{\"@type\":\"WebPage\",\"@id\":\"https:\/\/chicriviera.com\/presse\/\",\"url\":\"https:\/\/chicriviera.com\/presse\/\",\"name\":\"Presse et annonceurs - Chic Riviera\",\"isPartOf\":{\"@id\":\"https:\/\/chicriviera.com\/es\/#website\"},\"primaryImageOfPage\":{\"@id\":\"https:\/\/chicriviera.com\/presse\/#primaryimage\"},\"image\":{\"@id\":\"https:\/\/chicriviera.com\/presse\/#primaryimage\"},\"thumbnailUrl\":\"https:\/\/chicriviera.com\/wp-content\/uploads\/2019\/03\/footer_press.jpg\",\"datePublished\":\"2019-03-18T12:37:44+00:00\",\"dateModified\":\"2023-07-19T16:08:53+00:00\",\"breadcrumb\":{\"@id\":\"https:\/\/chicriviera.com\/presse\/#breadcrumb\"},\"inLanguage\":\"de\",\"potentialAction\":[{\"@type\":\"ReadAction\",\"target\":[\"https:\/\/chicriviera.com\/presse\/\"]}]},{\"@type\":\"ImageObject\",\"inLanguage\":\"de\",\"@id\":\"https:\/\/chicriviera.com\/presse\/#primaryimage\",\"url\":\"https:\/\/chicriviera.com\/wp-content\/uploads\/2019\/03\/footer_press.jpg\",\"contentUrl\":\"https:\/\/chicriviera.com\/wp-content\/uploads\/2019\/03\/footer_press.jpg\",\"width\":1045,\"height\":515},{\"@type\":\"BreadcrumbList\",\"@id\":\"https:\/\/chicriviera.com\/presse\/#breadcrumb\",\"itemListElement\":[{\"@type\":\"ListItem\",\"position\":1,\"name\":\"Accueil\",\"item\":\"https:\/\/chicriviera.com\/\"},{\"@type\":\"ListItem\",\"position\":2,\"name\":\"Presse et annonceurs\"}]},{\"@type\":\"WebSite\",\"@id\":\"https:\/\/chicriviera.com\/es\/#website\",\"url\":\"https:\/\/chicriviera.com\/es\/\",\"name\":\"Chic Riviera\",\"description\":\"Le meilleur de la C\u00f4te d&#039;Azur : Restaurants, Plages, Sorties\",\"publisher\":{\"@id\":\"https:\/\/chicriviera.com\/es\/#organization\"},\"potentialAction\":[{\"@type\":\"SearchAction\",\"target\":{\"@type\":\"EntryPoint\",\"urlTemplate\":\"https:\/\/chicriviera.com\/es\/?s={search_term_string}\"},\"query-input\":{\"@type\":\"PropertyValueSpecification\",\"valueRequired\":true,\"valueName\":\"search_term_string\"}}],\"inLanguage\":\"de\"},{\"@type\":\"Organization\",\"@id\":\"https:\/\/chicriviera.com\/es\/#organization\",\"name\":\"Chic Riviera\",\"url\":\"https:\/\/chicriviera.com\/es\/\",\"logo\":{\"@type\":\"ImageObject\",\"inLanguage\":\"de\",\"@id\":\"https:\/\/chicriviera.com\/es\/#\/schema\/logo\/image\/\",\"url\":\"https:\/\/chicriviera.com\/wp-content\/uploads\/2019\/03\/cropped-crfavicon.png\",\"contentUrl\":\"https:\/\/chicriviera.com\/wp-content\/uploads\/2019\/03\/cropped-crfavicon.png\",\"width\":512,\"height\":512,\"caption\":\"Chic Riviera\"},\"image\":{\"@id\":\"https:\/\/chicriviera.com\/es\/#\/schema\/logo\/image\/\"},\"sameAs\":[\"https:\/\/www.facebook.com\/ChicRivieracom\/\",\"https:\/\/x.com\/Chic_Riviera\",\"https:\/\/www.instagram.com\/chicriviera\/\"]}]}<\/script>\n<!-- \/ Yoast SEO plugin. -->","yoast_head_json":{"title":"Presse und Inserenten - Chic Riviera","robots":{"index":"index","follow":"follow","max-snippet":"max-snippet:-1","max-image-preview":"max-image-preview:large","max-video-preview":"max-video-preview:-1"},"canonical":"https:\/\/chicriviera.com\/de\/presse\/","og_locale":"de_DE","og_type":"article","og_title":"Presse et annonceurs - Chic Riviera","og_description":"Vous \u00eates une agence de relations presse, une marque, un d\u00e9veloppeur d\u2019application ou d\u2019un service sur le web et souhaitez pr\u00e9senter votre produit\/service sur notre site ? C\u2019est possible, voici une rapide pr\u00e9sentation. Quelques chiffres Notre m\u00e9thode de travail Avant d\u2019\u00e9crire un article, je prends toujours le temps de bien tester le produit sur le [&hellip;]","og_url":"https:\/\/chicriviera.com\/de\/presse\/","og_site_name":"Chic Riviera","article_publisher":"https:\/\/www.facebook.com\/ChicRivieracom\/","article_modified_time":"2023-07-19T16:08:53+00:00","og_image":[{"width":1045,"height":515,"url":"https:\/\/chicriviera.com\/wp-content\/uploads\/2019\/03\/footer_press.jpg","type":"image\/jpeg"}],"twitter_card":"summary_large_image","twitter_site":"@Chic_Riviera","twitter_misc":{"Gesch\u00e4tzte Lesezeit":"1\u00a0Minute"},"schema":{"@context":"https:\/\/schema.org","@graph":[{"@type":"WebPage","@id":"https:\/\/chicriviera.com\/presse\/","url":"https:\/\/chicriviera.com\/presse\/","name":"Presse und Inserenten - Chic Riviera","isPartOf":{"@id":"https:\/\/chicriviera.com\/es\/#website"},"primaryImageOfPage":{"@id":"https:\/\/chicriviera.com\/presse\/#primaryimage"},"image":{"@id":"https:\/\/chicriviera.com\/presse\/#primaryimage"},"thumbnailUrl":"https:\/\/chicriviera.com\/wp-content\/uploads\/2019\/03\/footer_press.jpg","datePublished":"2019-03-18T12:37:44+00:00","dateModified":"2023-07-19T16:08:53+00:00","breadcrumb":{"@id":"https:\/\/chicriviera.com\/presse\/#breadcrumb"},"inLanguage":"de","potentialAction":[{"@type":"ReadAction","target":["https:\/\/chicriviera.com\/presse\/"]}]},{"@type":"ImageObject","inLanguage":"de","@id":"https:\/\/chicriviera.com\/presse\/#primaryimage","url":"https:\/\/chicriviera.com\/wp-content\/uploads\/2019\/03\/footer_press.jpg","contentUrl":"https:\/\/chicriviera.com\/wp-content\/uploads\/2019\/03\/footer_press.jpg","width":1045,"height":515},{"@type":"BreadcrumbList","@id":"https:\/\/chicriviera.com\/presse\/#breadcrumb","itemListElement":[{"@type":"ListItem","position":1,"name":"Accueil","item":"https:\/\/chicriviera.com\/"},{"@type":"ListItem","position":2,"name":"Presse et annonceurs"}]},{"@type":"WebSite","@id":"https:\/\/chicriviera.com\/es\/#website","url":"https:\/\/chicriviera.com\/es\/","name":"Schicke Riviera","description":"Das Beste an der C\u00f4te d'Azur: Restaurants, Str\u00e4nde, Ausflugsziele","publisher":{"@id":"https:\/\/chicriviera.com\/es\/#organization"},"potentialAction":[{"@type":"SearchAction","target":{"@type":"EntryPoint","urlTemplate":"https:\/\/chicriviera.com\/es\/?s={search_term_string}"},"query-input":{"@type":"PropertyValueSpecification","valueRequired":true,"valueName":"search_term_string"}}],"inLanguage":"de"},{"@type":"Organization","@id":"https:\/\/chicriviera.com\/es\/#organization","name":"Schicke Riviera","url":"https:\/\/chicriviera.com\/es\/","logo":{"@type":"ImageObject","inLanguage":"de","@id":"https:\/\/chicriviera.com\/es\/#\/schema\/logo\/image\/","url":"https:\/\/chicriviera.com\/wp-content\/uploads\/2019\/03\/cropped-crfavicon.png","contentUrl":"https:\/\/chicriviera.com\/wp-content\/uploads\/2019\/03\/cropped-crfavicon.png","width":512,"height":512,"caption":"Chic Riviera"},"image":{"@id":"https:\/\/chicriviera.com\/es\/#\/schema\/logo\/image\/"},"sameAs":["https:\/\/www.facebook.com\/ChicRivieracom\/","https:\/\/x.com\/Chic_Riviera","https:\/\/www.instagram.com\/chicriviera\/"]}]}},"_links":{"self":[{"href":"https:\/\/chicriviera.com\/de\/wp-json\/wp\/v2\/pages\/76","targetHints":{"allow":["GET"]}}],"collection":[{"href":"https:\/\/chicriviera.com\/de\/wp-json\/wp\/v2\/pages"}],"about":[{"href":"https:\/\/chicriviera.com\/de\/wp-json\/wp\/v2\/types\/page"}],"author":[{"embeddable":true,"href":"https:\/\/chicriviera.com\/de\/wp-json\/wp\/v2\/users\/1"}],"replies":[{"embeddable":true,"href":"https:\/\/chicriviera.com\/de\/wp-json\/wp\/v2\/comments?post=76"}],"version-history":[{"count":6,"href":"https:\/\/chicriviera.com\/de\/wp-json\/wp\/v2\/pages\/76\/revisions"}],"predecessor-version":[{"id":8490,"href":"https:\/\/chicriviera.com\/de\/wp-json\/wp\/v2\/pages\/76\/revisions\/8490"}],"wp:featuredmedia":[{"embeddable":true,"href":"https:\/\/chicriviera.com\/de\/wp-json\/wp\/v2\/media\/78"}],"wp:attachment":[{"href":"https:\/\/chicriviera.com\/de\/wp-json\/wp\/v2\/media?parent=76"}],"curies":[{"name":"wp","href":"https:\/\/api.w.org\/{rel}","templated":true}]}}